{"id":5131,"date":"2022-03-29T21:50:07","date_gmt":"2022-03-29T21:50:07","guid":{"rendered":"https:\/\/essentials.pixfort.com\/consulting-elementor\/?page_id=5131"},"modified":"2025-07-30T16:51:18","modified_gmt":"2025-07-30T16:51:18","slug":"contact-us","status":"publish","type":"page","link":"https:\/\/lumivie.net\/en\/contact-us\/","title":{"rendered":"Contact us"},"content":{"rendered":"<div data-elementor-type=\"wp-page\" data-elementor-id=\"5131\" class=\"elementor elementor-5131\">\n\t\t\t\t\t\t<section class=\"elementor-section elementor-top-section elementor-element elementor-element-fe1f6c6 elementor-section-boxed elementor-section-height-default elementor-section-height-default\" data-id=\"fe1f6c6\" data-element_type=\"section\" data-settings=\"{&quot;background_background&quot;:&quot;classic&quot;}\">\n\t\t\t\t\t\t<div class=\"elementor-container elementor-column-gap-default\">\n\t\t\t\t\t<div class=\"elementor-column elementor-col-100 elementor-top-column elementor-element elementor-element-4d4d0a5\" data-id=\"4d4d0a5\" data-element_type=\"column\">\n\t\t\t<div class=\"elementor-widget-wrap elementor-element-populated\">\n\t\t\t\t\t\t<div class=\"elementor-element elementor-element-001f276 elementor-widget elementor-widget-pix-badge\" data-id=\"001f276\" data-element_type=\"widget\" data-widget_type=\"pix-badge.default\">\n\t\t\t\t<div class=\"elementor-widget-container\">\n\t\t\t\t\t<div class=\"pix-element-div w-100 text-center\"><span class=\"pix-badge-element h6 d-inline-flex mr-1\"  ><span class=\"badge font-weight-bold badge-pill  bg-secondary-light\" style=\" \"><span class=\"text-secondary\" style=\"\">The LumiVie Experience<\/span><\/span><\/span><\/div>\t\t\t\t<\/div>\n\t\t\t\t<\/div>\n\t\t\t\t<div class=\"elementor-element elementor-element-d2486f3 elementor-widget elementor-widget-pix-sliding-text\" data-id=\"d2486f3\" data-element_type=\"widget\" data-widget_type=\"pix-sliding-text.default\">\n\t\t\t\t<div class=\"elementor-widget-container\">\n\t\t\t\t\t<div id=\"el-d2486f3\" class=\"mb-3 text-center\"><div class=\"d-inline-block\" style=\"max-width:500px;\"><h2 class=\"mb-32 pix-sliding-headline-2 animate-in font-weight-bold secondary-font\" data-anim-type=\"pix-sliding-text\" pix-anim-delay=\"500\" data-class=\"secondary-font text-heading-default\" style=\"\"><span class=\"slide-in-container\"><span class=\"pix-sliding-item secondary-font text-heading-default\" style=\"transition-delay: 0ms;\">Our<\/span><\/span> <span class=\"slide-in-container\"><span class=\"pix-sliding-item secondary-font text-heading-default\" style=\"transition-delay: 50ms;\">Contact Info<\/span><\/span> <\/h2><\/div><\/div>\t\t\t\t<\/div>\n\t\t\t\t<\/div>\n\t\t\t\t<div class=\"elementor-element elementor-element-54de010 elementor-invisible elementor-widget elementor-widget-pix-text\" data-id=\"54de010\" data-element_type=\"widget\" data-widget_type=\"pix-text.default\">\n\t\t\t\t<div class=\"elementor-widget-container\">\n\t\t\t\t\t<div class=\"pix-el-text w-100 text-center\" ><div class=\"d-inline-block\" style=\"max-width:600px;\"><p class=\"text-18 resp-option text-body-default text-center\" ><span class=\"text-body-default animate-in d-inline-block\" data-anim-delay=\"200\" data-anim-type=\"fade-in-up\">Feel free to reach out with any questions or service requests. <br>We\u2019re here and ready to help! <\/span><\/p><\/div><\/div>\t\t\t\t<\/div>\n\t\t\t\t<\/div>\n\t\t\t\t<div class=\"elementor-element elementor-element-4e79300 elementor-widget-divider--view-line elementor-widget elementor-widget-divider\" data-id=\"4e79300\" data-element_type=\"widget\" data-widget_type=\"divider.default\">\n\t\t\t\t\t\t\t<div class=\"elementor-divider\">\n\t\t\t<span class=\"elementor-divider-separator\">\n\t\t\t\t\t\t<\/span>\n\t\t<\/div>\n\t\t\t\t\t\t<\/div>\n\t\t\t\t\t<\/div>\n\t\t<\/div>\n\t\t\t\t\t<\/div>\n\t\t<\/section>\n\t\t\t\t<section class=\"elementor-section elementor-top-section elementor-element elementor-element-3cd679d elementor-section-boxed elementor-section-height-default elementor-section-height-default\" data-id=\"3cd679d\" data-element_type=\"section\" data-settings=\"{&quot;background_background&quot;:&quot;classic&quot;}\">\n\t\t\t\t\t\t<div class=\"elementor-container elementor-column-gap-default\">\n\t\t\t\t\t<div class=\"elementor-column elementor-col-50 elementor-top-column elementor-element elementor-element-bf70b04\" data-id=\"bf70b04\" data-element_type=\"column\">\n\t\t\t<div class=\"elementor-widget-wrap elementor-element-populated\">\n\t\t\t\t\t\t<div class=\"elementor-element elementor-element-5e1431b elementor-invisible elementor-widget elementor-widget-pix-heading\" data-id=\"5e1431b\" data-element_type=\"widget\" data-widget_type=\"pix-heading.default\">\n\t\t\t\t<div class=\"elementor-widget-container\">\n\t\t\t\t\t<div  class=\"pix-heading-el text-left\"><div class=\"d-inline-block\" style=\"max-width:500px;\"><h5 class=\"text-heading-default font-weight-bold h5 animate-in heading-text el-title_custom_color mb-12\" style=\"\" data-anim-type=\"fade-in-up\" data-anim-delay=\"200\">Contact Us<\/h5><\/div><\/div>\t\t\t\t<\/div>\n\t\t\t\t<\/div>\n\t\t\t\t<div class=\"elementor-element elementor-element-32afd1e elementor-invisible elementor-widget elementor-widget-pix-feature-list\" data-id=\"32afd1e\" data-element_type=\"widget\" data-widget_type=\"pix-feature-list.default\">\n\t\t\t\t<div class=\"elementor-widget-container\">\n\t\t\t\t\t<div id=\"accordion-aae0066e1cc3b4e6f2464b13e3e23a22\" class=\"w-100\" ><div class=\"py-2 animate-in\" data-anim-type=\"fade-in-up\" data-anim-delay=\"0\"><div class=\"pix-feature-list text-18  font-weight-bold  secondary-font   py-2 d-flex align-items-center\" ><a class=\"d-flex align-items-center\" href=\"mailto:menage@lumivie.net\" target=\"_self\"><div class=\"d-inline-flex align-items-center pix-mr-10 text-primary\" style=\"font-size:1.2em;position:relative;line-height:1em;text-align:center;\"><svg class=\"pixfort-icon\" width=\"24\" height=\"24\"  data-name=\"Duotone\/pixfort-icon-at-1\" viewbox=\"2 2 20 20\"><g fill=\"none\" fill-rule=\"evenodd\"><path fill=\"var(--pf-icon-color)\" fill-opacity=\".25\" d=\"M12,2 C17.5228635,2 22.000102,6.47716846 22.000102,12 C22.000102,12.7762131 21.9682098,13.2942864 21.8309321,13.9198746 C21.4627854,15.5975555 20.4468434,16.7213312 18.6770012,16.7213312 C16.5023831,16.7213312 15.2834225,15.0268395 15,12 L15,9 C15,8.44771525 15.4477153,8 16,8 C16.5522847,8 17,8.44771525 17,9 L16.9955058,11.9052996 C17.1885808,13.9349354 17.7542877,14.7213312 18.6770012,14.7213312 C19.3515998,14.7213312 19.6894916,14.347575 19.877413,13.4911986 C19.9750941,13.0460561 20.000102,12.6398145 20.000102,12 C20.000102,7.58174497 16.418301,4 12,4 C7.581722,4 4,7.581722 4,12 C4,16.418278 7.581722,20 12,20 C13.2374819,20 14.4329113,19.7195017 15.5181427,19.1871481 C16.0139824,18.9439169 16.6131177,19.1486966 16.8563489,19.6445364 C17.0995801,20.1403761 16.8948003,20.7395115 16.3989606,20.9827426 C15.0410639,21.6488506 13.5445331,22 12,22 C6.4771525,22 2,17.5228475 2,12 C2,6.4771525 6.4771525,2 12,2 Z\"\/><path fill=\"var(--pf-icon-color)\" d=\"M12,7 C13.2757989,7 14.4399955,7.47782653 15.3233914,8.26428122 C15.5000614,8.10053468 15.7382902,8 16,8 C16.5522847,8 17,8.44771525 17,9 L16.996,11.832 L16.999,11.951 L17.0207746,12.1792655 C17.1186548,13.1039092 17.3267161,13.7628743 17.6138728,14.1547449 C17.9403149,14.6002266 17.8438142,15.2259946 17.3983324,15.5524367 C16.9528507,15.8788788 16.3270828,15.7823781 16.0006406,15.3368964 C15.9578981,15.2785674 15.9165645,15.2184673 15.8766214,15.1565613 C14.960289,16.2819052 13.5640045,17 12,17 C9.23857625,17 7,14.7614237 7,12 C7,9.23857625 9.23857625,7 12,7 Z M12,9 C13.6568542,9 15,10.3431458 15,12 C15,13.6568542 13.6568542,15 12,15 C10.3431458,15 9,13.6568542 9,12 C9,10.3431458 10.3431458,9 12,9 Z\"\/><\/g><\/svg><\/div><span class=\"text-heading-default\">menage@lumivie.net<\/span><\/a><\/div><div class=\"pix-feature-list text-18  font-weight-bold  secondary-font   py-2 d-flex align-items-center\" ><a class=\"d-flex align-items-center\" href=\"tel:4389396929\" target=\"_self\"><div class=\"d-inline-flex align-items-center pix-mr-10 text-primary\" style=\"font-size:1.2em;position:relative;line-height:1em;text-align:center;\"><svg class=\"pixfort-icon\" width=\"24\" height=\"24\"  data-name=\"Duotone\/pixfort-icon-telephone-3\" viewbox=\"2 2 20 20\"><g fill=\"none\" fill-rule=\"evenodd\"><path fill=\"var(--pf-icon-color)\" fill-opacity=\".25\" d=\"M8.11166165,6.25670167 C9.11769609,6.25670167 11.7471422,6.25670167 16,6.25670167 L18.05,10.7698711 L18.05,17 C18.05,18.1321837 17.1321837,19.05 16,19.05 L8,19.05 C6.86781626,19.05 5.95,18.1321837 5.95,17 L5.95,10.7698711 L8.11166165,6.25670167 Z\"\/><path fill=\"var(--pf-icon-color)\" d=\"M12,11 C13.3807119,11 14.5,12.1192881 14.5,13.5 C14.5,14.8807119 13.3807119,16 12,16 C10.6192881,16 9.5,14.8807119 9.5,13.5 C9.5,12.1192881 10.6192881,11 12,11 Z M19.0197148,10.4084863 L18.9332601,10.5076126 L18.8395055,10.596452 C18.3538218,11.0147759 17.6245117,11.0438391 17.103318,10.6311533 L15.8543221,9.64218728 C15.5130738,9.37198378 15.3212488,8.95515961 15.3379819,8.52021088 L15.3796207,7.43787947 C13.1619639,6.51525431 10.8346387,6.54080701 8.58117047,7.38916347 L8.50472604,8.57377588 C8.48933276,8.97162749 8.3009007,9.34290037 7.98886258,9.59019589 L6.6071445,10.6817397 C5.98822227,11.1113891 5.13818703,10.9579531 4.70853765,10.3390309 L3.6609758,8.82998805 C3.43400146,8.50299882 3.48372472,8.05856494 3.77735282,7.7898297 L4.02513959,7.56770325 C8.96967941,3.22698625 15.088238,3.31525242 19.9748901,7.76484974 L20.0490708,7.84136467 C20.2933308,8.12621376 20.3160585,8.54583113 20.0986819,8.85893576 L19.0391321,10.3833193 C19.0343179,10.3896408 19.0284767,10.397179 19.0197148,10.4084863 Z\"\/><\/g><\/svg><\/div><span class=\"text-heading-default\">(438) 939-6929<\/span><\/a><\/div><\/div><\/div>\t\t\t\t<\/div>\n\t\t\t\t<\/div>\n\t\t\t\t\t<\/div>\n\t\t<\/div>\n\t\t\t\t<div class=\"elementor-column elementor-col-50 elementor-top-column elementor-element elementor-element-a9bec42\" data-id=\"a9bec42\" data-element_type=\"column\">\n\t\t\t<div class=\"elementor-widget-wrap elementor-element-populated\">\n\t\t\t\t\t\t<div class=\"elementor-element elementor-element-a60c788 elementor-invisible elementor-widget elementor-widget-pix-heading\" data-id=\"a60c788\" data-element_type=\"widget\" data-widget_type=\"pix-heading.default\">\n\t\t\t\t<div class=\"elementor-widget-container\">\n\t\t\t\t\t<div  class=\"pix-heading-el text-left\"><div class=\"d-inline-block\" style=\"max-width:500px;\"><h5 class=\"text-heading-default font-weight-bold h5 animate-in heading-text el-title_custom_color mb-12\" style=\"\" data-anim-type=\"fade-in-up\" data-anim-delay=\"200\">Contact Form<\/h5><\/div><\/div>\t\t\t\t<\/div>\n\t\t\t\t<\/div>\n\t\t\t\t<div class=\"elementor-element elementor-element-b6845ef elementor-invisible elementor-widget elementor-widget-pix-text\" data-id=\"b6845ef\" data-element_type=\"widget\" data-widget_type=\"pix-text.default\">\n\t\t\t\t<div class=\"elementor-widget-container\">\n\t\t\t\t\t<div class=\"pix-el-text w-100 text-left\" ><div class=\"d-inline-block\" style=\"max-width:350px;\"><p class=\"text-18 resp-option text-body-default text-left\" ><span class=\"text-body-default animate-in d-inline-block\" data-anim-delay=\"300\" data-anim-type=\"fade-in-up\">Our team will get back to you promptly.<\/span><\/p><\/div><\/div>\t\t\t\t<\/div>\n\t\t\t\t<\/div>\n\t\t\t\t<div class=\"elementor-element elementor-element-778fe8d elementor-widget elementor-widget-text-editor\" data-id=\"778fe8d\" data-element_type=\"widget\" data-widget_type=\"text-editor.default\">\n\t\t\t\t\t\t\t\t\t<p>\n<div class=\"wpcf7 no-js\" id=\"wpcf7-f4480-o1\" lang=\"en-US\" dir=\"ltr\" data-wpcf7-id=\"4480\">\n<div class=\"screen-reader-response\"><p role=\"status\" aria-live=\"polite\" aria-atomic=\"true\"><\/p> <ul><\/ul><\/div>\n<form action=\"\/en\/wp-json\/wp\/v2\/pages\/5131#wpcf7-f4480-o1\" method=\"post\" class=\"wpcf7-form init\" aria-label=\"Contact form\" novalidate=\"novalidate\" data-status=\"init\" data-trp-original-action=\"\/en\/wp-json\/wp\/v2\/pages\/5131#wpcf7-f4480-o1\">\n<fieldset class=\"hidden-fields-container\"><input type=\"hidden\" name=\"_wpcf7\" value=\"4480\" \/><input type=\"hidden\" name=\"_wpcf7_version\" value=\"6.1\" \/><input type=\"hidden\" name=\"_wpcf7_locale\" value=\"en_US\" \/><input type=\"hidden\" name=\"_wpcf7_unit_tag\" value=\"wpcf7-f4480-o1\" \/><input type=\"hidden\" name=\"_wpcf7_container_post\" value=\"0\" \/><input type=\"hidden\" name=\"_wpcf7_posted_data_hash\" value=\"\" \/>\n<\/fieldset>\n<div class=\"pix-contact7-form\"><div class=\"row\">\n\t<div class=\"col-md-6\">\n\t\t<p><label class=\"w-100\">Full Name<br \/>\n<span class=\"wpcf7-form-control-wrap\" data-name=\"your-name\"><input size=\"40\" maxlength=\"400\" class=\"wpcf7-form-control wpcf7-text pix-my-5 form-control bg-gray-1 rounded-10 shadow-0\" aria-invalid=\"false\" placeholder=\"John Doe\" value=\"\" type=\"text\" name=\"your-name\" \/><\/span><\/label>\n\t\t<\/p>\n\t<\/div>\n\t<div class=\"col-md-6\">\n\t\t<p><label class=\"w-100\">Email<br \/>\n<span class=\"wpcf7-form-control-wrap\" data-name=\"your-email\"><input size=\"40\" maxlength=\"400\" class=\"wpcf7-form-control wpcf7-email wpcf7-validates-as-required wpcf7-text wpcf7-validates-as-email pix-my-5 form-control rounded-10 bg-gray-1 shadow-0\" aria-required=\"true\" aria-invalid=\"false\" placeholder=\"Email\" value=\"\" type=\"email\" name=\"your-email\" \/><\/span><\/label>\n\t\t<\/p>\n\t<\/div>\n<\/div>\n<p><label class=\"w-100\">Your message<span class=\"wpcf7-form-control-wrap\" data-name=\"your-message\"><textarea cols=\"40\" rows=\"4\" maxlength=\"2000\" class=\"wpcf7-form-control wpcf7-textarea pix-my-5 form-control rounded-10 bg-gray-1 shadow-0\" aria-invalid=\"false\" placeholder=\"Your message\" name=\"your-message\"><\/textarea><\/span> <\/label>\n<\/p>\n<div class=\"row\">\n\t<div class=\"col-md-6\">\n\t\t<p><label class=\"w-100\">Service<span class=\"wpcf7-form-control-wrap\" data-name=\"service-choice\"><select class=\"wpcf7-form-control wpcf7-select pix-mt-5 form-control rounded-10 bg-gray-1 shadow-0\" aria-invalid=\"false\" name=\"service-choice\"><option value=\"Question g\u00e9n\u00e9ral\">General question<\/option><option value=\"Entretien m\u00e9nager\">Home Cleaning<\/option><option value=\"M\u00e9nage en profondeur\">Deep Cleaning<\/option><option value=\"Nettoyage commercial\">Commercial Cleaning<\/option><option value=\"M\u00e9nage Airbnb\">AirBnB Cleaning<\/option><option value=\"Services sp\u00e9cialis\u00e9s\">Specialized Services<\/option><option value=\"Services \u00e0 la carte\">\u00c0 la Carte Services<\/option><\/select><\/span> <\/label>\n\t\t<\/p>\n\t<\/div>\n\t<div class=\"col-md-6\">\n\t\t<p><label class=\"w-100\">Phone Number<span class=\"wpcf7-form-control-wrap\" data-name=\"tel-996\"><input size=\"40\" maxlength=\"400\" class=\"wpcf7-form-control wpcf7-tel wpcf7-validates-as-required wpcf7-text wpcf7-validates-as-tel pix-mt-5 form-control rounded-10 bg-gray-1 shadow-0\" aria-required=\"true\" aria-invalid=\"false\" placeholder=\"123-456-7899\" value=\"\" type=\"tel\" name=\"tel-996\" \/><\/span> <\/label>\n\t\t<\/p>\n\t<\/div>\n<\/div>\n<p><input class=\"wpcf7-form-control wpcf7-submit has-spinner btn btn-primary btn-rounded text-white w-100 pix-mt-10 font-weight-bold btn-lg secondary-font\" type=\"submit\" value=\"Send!\" \/>\n<\/p><\/div><div class=\"wpcf7-response-output\" aria-hidden=\"true\"><\/div>\n<input type=\"hidden\" name=\"trp-form-language\" value=\"en\"\/><\/form>\n<\/div>\n<\/p>\t\t\t\t\t\t\t\t<\/div>\n\t\t\t\t\t<\/div>\n\t\t<\/div>\n\t\t\t\t\t<\/div>\n\t\t<\/section>\n\t\t\t\t<\/div>","protected":false},"excerpt":{"rendered":"<p>Exp\u00e9rience LumiVie Nos&#32; Coordonn\u00e9es&#32; Contactez-nous pour toute question ou demande de service. Nous sommes \u00e0 votre \u00e9coute ! Nous joindre menage@lumivie.net(438) 939-6929 Formulaire Contact Notre \u00e9quipe vous r\u00e9pondra rapidement.<\/p>","protected":false},"author":1,"featured_media":0,"parent":0,"menu_order":0,"comment_status":"closed","ping_status":"closed","template":"","meta":{"pagelayer_contact_templates":[],"_pagelayer_content":"","footnotes":""},"class_list":["post-5131","page","type-page","status-publish","hentry"],"jetpack_sharing_enabled":true,"_links":{"self":[{"href":"https:\/\/lumivie.net\/en\/wp-json\/wp\/v2\/pages\/5131","targetHints":{"allow":["GET"]}}],"collection":[{"href":"https:\/\/lumivie.net\/en\/wp-json\/wp\/v2\/pages"}],"about":[{"href":"https:\/\/lumivie.net\/en\/wp-json\/wp\/v2\/types\/page"}],"author":[{"embeddable":true,"href":"https:\/\/lumivie.net\/en\/wp-json\/wp\/v2\/users\/1"}],"replies":[{"embeddable":true,"href":"https:\/\/lumivie.net\/en\/wp-json\/wp\/v2\/comments?post=5131"}],"version-history":[{"count":49,"href":"https:\/\/lumivie.net\/en\/wp-json\/wp\/v2\/pages\/5131\/revisions"}],"predecessor-version":[{"id":6784,"href":"https:\/\/lumivie.net\/en\/wp-json\/wp\/v2\/pages\/5131\/revisions\/6784"}],"wp:attachment":[{"href":"https:\/\/lumivie.net\/en\/wp-json\/wp\/v2\/media?parent=5131"}],"curies":[{"name":"wp","href":"https:\/\/api.w.org\/{rel}","templated":true}]}}